{"id":546,"date":"2025-06-08T21:58:55","date_gmt":"2025-06-08T19:58:55","guid":{"rendered":"https:\/\/www.onlyneo.com\/?page_id=546"},"modified":"2025-06-08T22:18:27","modified_gmt":"2025-06-08T20:18:27","slug":"a-propos","status":"publish","type":"page","link":"https:\/\/www.onlyneo.com\/index.php\/a-propos\/","title":{"rendered":"A propos"},"content":{"rendered":"\t\t<div data-elementor-type=\"wp-page\" data-elementor-id=\"546\" class=\"elementor elementor-546\" data-elementor-post-type=\"page\">\n\t\t\t\t<div class=\"elementor-element elementor-element-cfdfc9d e-flex e-con-boxed e-con e-parent\" data-id=\"cfdfc9d\" data-element_type=\"container\" data-e-type=\"container\">\n\t\t\t\t\t<div class=\"e-con-inner\">\n\t\t\t\t<div class=\"elementor-element elementor-element-1b3aa29 elementor-widget-divider--view-line elementor-widget elementor-widget-divider\" data-id=\"1b3aa29\" data-element_type=\"widget\" data-e-type=\"widget\" data-widget_type=\"divider.default\">\n\t\t\t\t<div class=\"elementor-widget-container\">\n\t\t\t\t\t\t\t<div class=\"elementor-divider\">\n\t\t\t<span class=\"elementor-divider-separator\">\n\t\t\t\t\t\t<\/span>\n\t\t<\/div>\n\t\t\t\t\t\t<\/div>\n\t\t\t\t<\/div>\n\t\t\t\t\t<\/div>\n\t\t\t\t<\/div>\n\t\t<div class=\"elementor-element elementor-element-c1ef2cc e-flex e-con-boxed e-con e-parent\" data-id=\"c1ef2cc\" data-element_type=\"container\" data-e-type=\"container\">\n\t\t\t\t\t<div class=\"e-con-inner\">\n\t\t\t\t<div class=\"elementor-element elementor-element-096215c elementor-widget__width-initial elementor-widget elementor-widget-text-editor\" data-id=\"096215c\" data-element_type=\"widget\" data-e-type=\"widget\" data-widget_type=\"text-editor.default\">\n\t\t\t\t<div class=\"elementor-widget-container\">\n\t\t\t\t\t\t\t\t\t<h3 style=\"text-align: center;\"><strong><span style=\"color: #8e1616;\">Am\u00e9liorer votre quotidien. Inspirer la confiance<\/span><\/strong><\/h3><p>Chez Onlyneo, nous croyons que la qualit\u00e9 de vie commence par les objets qui nous accompagnent au quotidien. Chaque jour, \u00e0 la maison ou au bureau, de petits gestes se r\u00e9p\u00e8tent. Et si ces gestes pouvaient \u00eatre plus simples, plus efficaces ou juste plus agr\u00e9ables ?<\/p><p>Notre \u00e9quipe con\u00e7oit et s\u00e9lectionne des produits qui allient modernit\u00e9, facilit\u00e9 d\u2019usage et fiabilit\u00e9. Du choix des mat\u00e9riaux \u00e0 l\u2019exp\u00e9rience client, chaque d\u00e9tail compte. Car pour nous, un bon produit est celui que vous utilisez avec s\u00e9r\u00e9nit\u00e9, jour apr\u00e8s jour, sans vous poser de questions.<\/p><p>Nous avons fond\u00e9 la marque avec une conviction simple : Nous ne cherchons pas \u00e0 en faire trop. Juste \u00e0 bien le faire, de fa\u00e7on pertinente, harmonieuse et durable.<\/p><p><span style=\"text-decoration: underline;\">Notre nom en dit long sur notre mantra :<\/span><\/p><p style=\"padding-left: 40px;\">\u201c<strong>Only<\/strong>\u201d pour une s\u00e9lection exclusive, soigneusement d\u00e9termin\u00e9e<br \/>\u201c<strong>Neo<\/strong>\u201d pour une attention port\u00e9e \u00e0 l\u2018innovation et \u00e0 l\u2019am\u00e9lioration de l\u2019exp\u00e9rience utilisateur<\/p><p>Ce que vous trouverez chez Onlyneo, ce n\u2019est pas une multitude de r\u00e9f\u00e9rences sans personnalit\u00e9, mais des choix qui expriment notre volont\u00e9 de joindre l\u2019utile \u00e0 l\u2019agr\u00e9able. Chaque produit est le fruit d\u2019un travail rigoureux, port\u00e9 par une \u00e9quipe de passionn\u00e9s, \u00e0 l\u2019\u00e9coute des besoins r\u00e9els des utilisateurs.<\/p><p>Nous savons que derri\u00e8re chaque achat, il y a une attente de confiance. Aussi nous mettons un point d\u2019honneur \u00e0 vous accompagner avec un service client r\u00e9actif, \u00e0 l\u2019\u00e9coute, et une logistique performante gr\u00e2ce \u00e0 notre partenariat avec Amazon.<\/p><p><strong><span style=\"color: #8e1616;\">Onlyneo, c\u2019est nous. Mais surtout, c\u2019est pour vous.<\/span><\/strong><\/p>\t\t\t\t\t\t\t\t<\/div>\n\t\t\t\t<\/div>\n\t\t\t\t\t<\/div>\n\t\t\t\t<\/div>\n\t\t\t\t<\/div>\n\t\t","protected":false},"excerpt":{"rendered":"<p>Am\u00e9liorer votre quotidien. Inspirer la confiance Chez Onlyneo, nous croyons que la qualit\u00e9 de vie commence par les objets qui nous accompagnent au quotidien. Chaque jour, \u00e0 la maison ou au bureau, de petits gestes se r\u00e9p\u00e8tent. Et si ces gestes pouvaient \u00eatre plus simples, plus efficaces ou juste plus agr\u00e9ables ? Notre \u00e9quipe con\u00e7oit [&hellip;]<\/p>\n","protected":false},"author":1,"featured_media":0,"parent":0,"menu_order":0,"comment_status":"closed","ping_status":"closed","template":"","meta":{"footnotes":""},"class_list":["post-546","page","type-page","status-publish","hentry"],"_links":{"self":[{"href":"https:\/\/www.onlyneo.com\/index.php\/wp-json\/wp\/v2\/pages\/546","targetHints":{"allow":["GET"]}}],"collection":[{"href":"https:\/\/www.onlyneo.com\/index.php\/wp-json\/wp\/v2\/pages"}],"about":[{"href":"https:\/\/www.onlyneo.com\/index.php\/wp-json\/wp\/v2\/types\/page"}],"author":[{"embeddable":true,"href":"https:\/\/www.onlyneo.com\/index.php\/wp-json\/wp\/v2\/users\/1"}],"replies":[{"embeddable":true,"href":"https:\/\/www.onlyneo.com\/index.php\/wp-json\/wp\/v2\/comments?post=546"}],"version-history":[{"count":22,"href":"https:\/\/www.onlyneo.com\/index.php\/wp-json\/wp\/v2\/pages\/546\/revisions"}],"predecessor-version":[{"id":571,"href":"https:\/\/www.onlyneo.com\/index.php\/wp-json\/wp\/v2\/pages\/546\/revisions\/571"}],"wp:attachment":[{"href":"https:\/\/www.onlyneo.com\/index.php\/wp-json\/wp\/v2\/media?parent=546"}],"curies":[{"name":"wp","href":"https:\/\/api.w.org\/{rel}","templated":true}]}}