{"id":497,"date":"2025-06-08T20:53:42","date_gmt":"2025-06-08T18:53:42","guid":{"rendered":"https:\/\/www.onlyneo.com\/?page_id=497"},"modified":"2025-06-08T21:03:11","modified_gmt":"2025-06-08T19:03:11","slug":"mentions-legales","status":"publish","type":"page","link":"https:\/\/www.onlyneo.com\/index.php\/mentions-legales\/","title":{"rendered":"Mentions l\u00e9gales"},"content":{"rendered":"\t\t<div data-elementor-type=\"wp-page\" data-elementor-id=\"497\" class=\"elementor elementor-497\" data-elementor-post-type=\"page\">\n\t\t\t\t<div class=\"elementor-element elementor-element-d9b506a e-flex e-con-boxed e-con e-parent\" data-id=\"d9b506a\" data-element_type=\"container\" data-e-type=\"container\">\n\t\t\t\t\t<div class=\"e-con-inner\">\n\t\t\t\t<div class=\"elementor-element elementor-element-d1cdf25 elementor-widget__width-initial elementor-widget elementor-widget-text-editor\" data-id=\"d1cdf25\" data-element_type=\"widget\" data-e-type=\"widget\" data-widget_type=\"text-editor.default\">\n\t\t\t\t<div class=\"elementor-widget-container\">\n\t\t\t\t\t\t\t\t\t<h2 style=\"text-align: center;\">Mentions l\u00e9gales<\/h2><p><strong>EDITION<\/strong><br \/>Le site www.onlyneo.com est \u00e9dit\u00e9 par l\u2019entreprise ONLYNEO SAS immatricul\u00e9e au Registre du commerce et des soci\u00e9t\u00e9s de Strasbourg sous le num\u00e9ro 933 652 489 <br \/>Domiciliation : 4, Rue Emile Picard \u2013 67380 Lingolsheim &#8211; France<br \/>Email : contact@onlyneo.com<\/p><p><strong>HEBERGEMENT<\/strong><br \/>Le site www.onlyneo.com est h\u00e9berg\u00e9 par :<br \/>OVH SAS <br \/>RCS Lille 537 407 926 <br \/>2, rue Kellermann &#8211; 59100 Roubaix<\/p><p><strong>PROPRIETE INTELLECTUELLE<\/strong><br \/>L\u2019ensemble du contenu du site, incluant, de fa\u00e7on non limitative, les textes, les \u00e9l\u00e9ments graphiques, images, vid\u00e9os ainsi que leur mise en forme sont la propri\u00e9t\u00e9 exclusive de ONLYNEO SAS \u00e0 l\u2019exception des marques, logos et contenus appartenant \u00e0 d\u2019autres soci\u00e9t\u00e9s ou auteurs mentionn\u00e9s. <br \/>Toute reproduction, distribution, modification, adaptation ou publication, m\u00eame partielle, de ces diff\u00e9rents \u00e9l\u00e9ments est strictement soumise \u00e0 approbation pr\u00e9alable.<\/p>\t\t\t\t\t\t\t\t<\/div>\n\t\t\t\t<\/div>\n\t\t\t\t\t<\/div>\n\t\t\t\t<\/div>\n\t\t\t\t<\/div>\n\t\t","protected":false},"excerpt":{"rendered":"<p>Mentions l\u00e9gales EDITIONLe site www.onlyneo.com est \u00e9dit\u00e9 par l\u2019entreprise ONLYNEO SAS immatricul\u00e9e au Registre du commerce et des soci\u00e9t\u00e9s de Strasbourg sous le num\u00e9ro 933 652 489 Domiciliation : 4, Rue Emile Picard \u2013 67380 Lingolsheim &#8211; FranceEmail : contact@onlyneo.com HEBERGEMENTLe site www.onlyneo.com est h\u00e9berg\u00e9 par :OVH SAS RCS Lille 537 407 926 2, rue [&hellip;]<\/p>\n","protected":false},"author":1,"featured_media":0,"parent":0,"menu_order":0,"comment_status":"closed","ping_status":"closed","template":"","meta":{"footnotes":""},"class_list":["post-497","page","type-page","status-publish","hentry"],"_links":{"self":[{"href":"https:\/\/www.onlyneo.com\/index.php\/wp-json\/wp\/v2\/pages\/497","targetHints":{"allow":["GET"]}}],"collection":[{"href":"https:\/\/www.onlyneo.com\/index.php\/wp-json\/wp\/v2\/pages"}],"about":[{"href":"https:\/\/www.onlyneo.com\/index.php\/wp-json\/wp\/v2\/types\/page"}],"author":[{"embeddable":true,"href":"https:\/\/www.onlyneo.com\/index.php\/wp-json\/wp\/v2\/users\/1"}],"replies":[{"embeddable":true,"href":"https:\/\/www.onlyneo.com\/index.php\/wp-json\/wp\/v2\/comments?post=497"}],"version-history":[{"count":10,"href":"https:\/\/www.onlyneo.com\/index.php\/wp-json\/wp\/v2\/pages\/497\/revisions"}],"predecessor-version":[{"id":512,"href":"https:\/\/www.onlyneo.com\/index.php\/wp-json\/wp\/v2\/pages\/497\/revisions\/512"}],"wp:attachment":[{"href":"https:\/\/www.onlyneo.com\/index.php\/wp-json\/wp\/v2\/media?parent=497"}],"curies":[{"name":"wp","href":"https:\/\/api.w.org\/{rel}","templated":true}]}}