{"id":3,"date":"2025-06-01T22:00:20","date_gmt":"2025-06-01T20:00:20","guid":{"rendered":"http:\/\/onlyneo.com\/?page_id=3"},"modified":"2025-06-08T20:58:33","modified_gmt":"2025-06-08T18:58:33","slug":"politique-de-confidentialite","status":"publish","type":"page","link":"https:\/\/www.onlyneo.com\/index.php\/politique-de-confidentialite\/","title":{"rendered":"Politique de confidentialit\u00e9"},"content":{"rendered":"\t\t<div data-elementor-type=\"wp-page\" data-elementor-id=\"3\" class=\"elementor elementor-3\" data-elementor-post-type=\"page\">\n\t\t\t\t<div class=\"elementor-element elementor-element-420827bf e-flex e-con-boxed e-con e-parent\" data-id=\"420827bf\" data-element_type=\"container\" data-e-type=\"container\">\n\t\t\t\t\t<div class=\"e-con-inner\">\n\t\t\t\t<div class=\"elementor-element elementor-element-4fc4786a elementor-widget__width-initial elementor-widget elementor-widget-text-editor\" data-id=\"4fc4786a\" data-element_type=\"widget\" data-e-type=\"widget\" data-widget_type=\"text-editor.default\">\n\t\t\t\t<div class=\"elementor-widget-container\">\n\t\t\t\t\t\t\t\t\t<h2 style=\"text-align: center;\">Politique de confidentialit\u00e9<\/h2><p>La pr\u00e9sente politique de confidentialit\u00e9 a pour but d\u2019informer les utilisateurs du site concernant les dispositions suivantes :<\/p><p>Sur la mani\u00e8re dont sont collect\u00e9es leurs donn\u00e9es personnelles et pourquoi.<br \/>Sont consid\u00e9r\u00e9es comme des donn\u00e9es personnelles, toute information permettant d\u2019identifier un utilisateur. A ce titre, nous serons amen\u00e9s \u00e0 collecter certaines donn\u00e9es personnelles pour les raisons suivantes :<\/p><p><strong>R\u00e9pondre \u00e0 vos demandes lors de l\u2019utilisation du formulaire de contact<\/strong><br \/>Afin de pouvoir traiter au mieux vos demandes et de vous fournir l\u2019assistance attendue il nous est n\u00e9cessaire de pouvoir vous identifier avec pr\u00e9cision.<\/p><p><strong>Activit\u00e9 du site internet<\/strong> <br \/>Am\u00e9liorer notre service client en effectuant une analyse du type de pages visit\u00e9es, de leur nombre, de leur dur\u00e9e de consultation et des actions r\u00e9alis\u00e9es sur le site.<\/p><p><strong>S\u00e9curit\u00e9 du site internet<\/strong> <br \/>Les donn\u00e9es de navigation enregistr\u00e9es permettent d&rsquo;assurer la s\u00e9curit\u00e9 de notre site et de d\u00e9tecter, \u00e9viter ou retracer toute tentative de malveillance ou d&rsquo;intrusion informatique ou toute violation des conditions d&rsquo;utilisation de notre site.<\/p><p>La soci\u00e9t\u00e9 ONLYNEO SAS ne partage aucune de vos donn\u00e9es personnelles avec des tiers \u00e0 des fins de marketing ou autre traitement commercial.<\/p><p>Les informations de contact transmises par l\u2019interm\u00e9diaire du formulaire de contact sont conserv\u00e9es au sein de l\u2019archivage du traitement des demandes durant une p\u00e9riode de 36 mois.<\/p><p><strong>Quelles donn\u00e9es personnelles sont collect\u00e9es ?<\/strong><br \/>Nous ne collectons que les donn\u00e9es strictement n\u00e9cessaires au traitement de vos demandes et \u00e0 l\u2019identification des sessions de connexion sur notre site.<br \/>\u2022 Nom et Pr\u00e9nom<br \/>\u2022 Adresse email<br \/>\u2022 Adresse IP et donn\u00e9es de connexion<\/p><p><strong>Sur la politique du site en mati\u00e8re de cookies.<\/strong><br \/>Notre site web, https:\/\/www.onlyneo.com (ci-apr\u00e8s : \u00ab le site web \u00bb) utilise des cookies et autres technologies li\u00e9es (par simplification, toutes ces technologies sont d\u00e9sign\u00e9es par le terme \u00ab cookies \u00bb). Des cookies sont \u00e9galement plac\u00e9s par des tierces parties que nous avons engag\u00e9es. Dans le document ci-dessous, nous vous informons de l\u2019utilisation des cookies sur notre site web.<\/p><p><strong>Que sont les cookies ?<\/strong><br \/>Un cookie est un petit fichier simple envoy\u00e9 avec les pages de ce site web et stock\u00e9 par votre navigateur sur le disque dur de votre ordinateur ou d\u2019un autre appareil. Les informations qui y sont stock\u00e9es peuvent \u00eatre renvoy\u00e9es \u00e0 nos serveurs ou aux serveurs des tierces parties concern\u00e9es lors d\u2019une visite ult\u00e9rieure.<\/p><p><strong>Que sont les scripts ?<\/strong><br \/>Un script est un \u00e9l\u00e9ment de code utilis\u00e9 pour que notre site web fonctionne correctement et de mani\u00e8re interactive. Ce code est ex\u00e9cut\u00e9 sur notre serveur ou sur votre appareil.<\/p><p><strong>Qu\u2019est-ce qu\u2019une balise invisible ?<\/strong><br \/>Une balise invisible (ou balise web) est un petit morceau de texte ou d\u2019image invisible sur un site web, utilis\u00e9 pour suivre le trafic sur un site web. Pour ce faire, diverses donn\u00e9es vous concernant sont stock\u00e9es \u00e0 l\u2019aide de balises invisibles.<\/p><p><strong>A propos des cookies<\/strong><br \/><span style=\"text-decoration: underline;\">Cookies techniques ou fonctionnels<\/span><br \/>Certains cookies assurent le fonctionnement correct de certaines parties du site web et la prise en compte de vos pr\u00e9f\u00e9rences en tant qu\u2019utilisateur. En pla\u00e7ant des cookies fonctionnels, nous vous facilitons la visite de notre site web. Nous pouvons placer ces cookies sans votre consentement.<br \/><span style=\"text-decoration: underline;\">Cookies statistiques<\/span><br \/>Nous utilisons des cookies statistiques afin d\u2019optimiser l\u2019exp\u00e9rience des internautes sur notre site web. Avec ces cookies statistiques, nous obtenons des observations sur l\u2019utilisation de notre site web. Nous demandons votre permission pour placer des cookies statistiques.<br \/><span style=\"text-decoration: underline;\">Cookies de marketing\/suivi<\/span><br \/>Les cookies de marketing\/suivi sont des cookies ou toute autre forme de stockage local, utilis\u00e9s pour cr\u00e9er des profils d\u2019utilisateurs afin d\u2019afficher de la publicit\u00e9 ou de suivre l\u2019utilisateur sur ce site web ou sur plusieurs sites web dans des finalit\u00e9s marketing similaires.<br \/><span style=\"text-decoration: underline;\">Consentement<\/span><br \/>Lorsque vous visitez notre site web pour la premi\u00e8re fois, nous vous montrerons une fen\u00eatre contextuelle avec une explication sur les cookies. D\u00e8s que vous cliquez sur \u00ab Enregistrer les pr\u00e9f\u00e9rences \u00bb vous nous autorisez \u00e0 utiliser les cat\u00e9gories de cookies et d\u2019extensions que vous avez s\u00e9lectionn\u00e9s dans la fen\u00eatre contextuelle, comme d\u00e9crit dans la pr\u00e9sente politique de cookies. Vous pouvez d\u00e9sactiver l\u2019utilisation des cookies via votre navigateur, mais veuillez noter que notre site web pourrait dans certains cas ne plus fonctionner correctement.<\/p><p><strong>Activer\/d\u00e9sactiver et supprimer les cookies<\/strong><br \/>Vous pouvez utiliser votre navigateur internet pour supprimer automatiquement ou manuellement les cookies. Vous pouvez \u00e9galement sp\u00e9cifier que certains cookies ne peuvent pas \u00eatre plac\u00e9s. Une autre option consiste \u00e0 modifier les r\u00e9glages de votre navigateur Internet afin que vous receviez un message \u00e0 chaque fois qu\u2019un cookie est plac\u00e9. Pour plus d\u2019informations sur ces options, reportez-vous aux instructions de la section Aide de votre navigateur.<br \/>Vous supprimez les cookies dans votre navigateur, ils seront de nouveau plac\u00e9s apr\u00e8s votre consentement lorsque vous revisiterez nos sites web.<\/p><p><strong>Vos droits concernant les donn\u00e9es personnelles<\/strong><br \/>Vous avez le droit de savoir pourquoi vos donn\u00e9es personnelles sont n\u00e9cessaires, ce qui leur arrivera et combien de temps elles seront conserv\u00e9es.<br \/><span style=\"text-decoration: underline;\">Droit d\u2019acc\u00e8s<\/span> : vous avez le droit d\u2019acc\u00e9der \u00e0 vos donn\u00e9es personnelles que nous connaissons.<br \/><span style=\"text-decoration: underline;\">Droit de rectification<\/span> : vous avez le droit \u00e0 tout moment de compl\u00e9ter, corriger, faire supprimer ou bloquer vos donn\u00e9es personnelles.<br \/>Si vous nous donnez votre consentement pour le traitement de vos donn\u00e9es, vous avez le droit de r\u00e9voquer ce consentement et de faire supprimer vos donn\u00e9es personnelles.<br \/><span style=\"text-decoration: underline;\">Droit de transf\u00e9rer vos donn\u00e9es<\/span> : vous avez le droit de demander toutes vos donn\u00e9es personnelles au responsable du traitement et de les transf\u00e9rer dans leur int\u00e9gralit\u00e9 \u00e0 un autre responsable du traitement.<br \/><span style=\"text-decoration: underline;\">Droit d\u2019opposition<\/span> : vous pouvez vous opposer au traitement de vos donn\u00e9es. Nous obtemp\u00e9rerons, \u00e0 moins que certaines raisons ne justifient ce traitement. Pour exercer ces droits, veuillez nous contacter. Si vous avez une r\u00e9clamation concernant la fa\u00e7on dont nous traitons vos donn\u00e9es, nous aimerions en \u00eatre inform\u00e9s, mais vous avez \u00e9galement le droit de contacter directement l\u2019autorit\u00e9 de contr\u00f4le (www.cnil.fr).<\/p><p><strong>Coordonn\u00e9es de contact<\/strong><br \/>Pour toute question concernant la politique de confidentialit\u00e9 veuillez nous contacter en utilisant les coordonn\u00e9es suivantes :<br \/>Objet : Politique de conformit\u00e9 \u2013 France<br \/>Site web : https:\/\/www.onlyneo.com<br \/>E-mail : <strong>customerservice@onlyneo.com<\/strong><\/p><p><strong>Liens externes et services fournis par des tiers<\/strong><br \/>Une fois que vous quittez le site ou que vous \u00eates redirig\u00e9 vers le site web ou l\u2019application d\u2019un tiers, vous n\u2019\u00eates plus r\u00e9gi par la pr\u00e9sente Politique de Confidentialit\u00e9. Vous pouvez \u00eatre amen\u00e9s \u00e0 quitter notre site web en cliquant sur certains liens pr\u00e9sents sur notre site. Nous n\u2019assumons aucune responsabilit\u00e9 quant aux pratiques de confidentialit\u00e9 exerc\u00e9es par ces autres sites et vous recommandons de lire attentivement leurs politiques de confidentialit\u00e9 pour que vous puissiez comprendre la mani\u00e8re dont ils traiteront vos renseignements personnels. Dans le cadre des redirections vers des services tiers d\u2019informations ou de vente de produits accessibles \u00e0 partir des liens disponibles sur le site ceux-ci peuvent recueillir, utiliser et divulguer vos renseignements dans la mesure du n\u00e9cessaire pour pouvoir r\u00e9aliser les services qu\u2019ils vous fournissent.<\/p><p><strong>Modifications de la politique de conformit\u00e9<\/strong><br \/>Nous nous r\u00e9servons le droit de pouvoir modifier la pr\u00e9sente Politique \u00e0 tout moment afin d\u2019assurer aux utilisateurs du site sa conformit\u00e9 avec le droit en vigueur.<\/p><p><strong>Responsable des donn\u00e9es personnelles<\/strong><br \/>ONLYNEO SAS<br \/>RCS Strasbourg 933 652 489<br \/>4, rue Emile Picard \u2013 67380 Lingolsheim \u2013 France<\/p><p><strong>H\u00e9bergement du site et des donn\u00e9es de connexion<\/strong><br \/>OVH SAS<br \/>RCS Lille 537 407 926<br \/>2, rue Kellermann &#8211; 59100 Roubaix<\/p><p><!-- \/wp:paragraph --><\/p>\t\t\t\t\t\t\t\t<\/div>\n\t\t\t\t<\/div>\n\t\t\t\t\t<\/div>\n\t\t\t\t<\/div>\n\t\t\t\t<\/div>\n\t\t","protected":false},"excerpt":{"rendered":"<p>Politique de confidentialit\u00e9 La pr\u00e9sente politique de confidentialit\u00e9 a pour but d\u2019informer les utilisateurs du site concernant les dispositions suivantes : Sur la mani\u00e8re dont sont collect\u00e9es leurs donn\u00e9es personnelles et pourquoi.Sont consid\u00e9r\u00e9es comme des donn\u00e9es personnelles, toute information permettant d\u2019identifier un utilisateur. A ce titre, nous serons amen\u00e9s \u00e0 collecter certaines donn\u00e9es personnelles pour [&hellip;]<\/p>\n","protected":false},"author":1,"featured_media":0,"parent":0,"menu_order":0,"comment_status":"closed","ping_status":"open","template":"","meta":{"footnotes":""},"class_list":["post-3","page","type-page","status-publish","hentry"],"_links":{"self":[{"href":"https:\/\/www.onlyneo.com\/index.php\/wp-json\/wp\/v2\/pages\/3","targetHints":{"allow":["GET"]}}],"collection":[{"href":"https:\/\/www.onlyneo.com\/index.php\/wp-json\/wp\/v2\/pages"}],"about":[{"href":"https:\/\/www.onlyneo.com\/index.php\/wp-json\/wp\/v2\/types\/page"}],"author":[{"embeddable":true,"href":"https:\/\/www.onlyneo.com\/index.php\/wp-json\/wp\/v2\/users\/1"}],"replies":[{"embeddable":true,"href":"https:\/\/www.onlyneo.com\/index.php\/wp-json\/wp\/v2\/comments?post=3"}],"version-history":[{"count":18,"href":"https:\/\/www.onlyneo.com\/index.php\/wp-json\/wp\/v2\/pages\/3\/revisions"}],"predecessor-version":[{"id":505,"href":"https:\/\/www.onlyneo.com\/index.php\/wp-json\/wp\/v2\/pages\/3\/revisions\/505"}],"wp:attachment":[{"href":"https:\/\/www.onlyneo.com\/index.php\/wp-json\/wp\/v2\/media?parent=3"}],"curies":[{"name":"wp","href":"https:\/\/api.w.org\/{rel}","templated":true}]}}